{"id":36,"date":"2019-03-13T14:03:09","date_gmt":"2019-03-13T14:03:09","guid":{"rendered":"http:\/\/wp.anne-lang.de\/?page_id=36"},"modified":"2026-02-15T13:32:05","modified_gmt":"2026-02-15T13:32:05","slug":"ueber-mich","status":"publish","type":"page","link":"http:\/\/www.anne-lang.de\/?page_id=36","title":{"rendered":"\u00dcber mich"},"content":{"rendered":"\n<blockquote class=\"wp-block-quote is-layout-flow wp-block-quote-is-layout-flow\">\n<p>Meine vielseitigen Qualifikationen und Erfahrungen erm\u00f6glichen es mir, Ihren individuellen Bed\u00fcrfnissen gerecht zu werden.<\/p>\n<\/blockquote>\n\n\n<div class=\"wp-block-image\">\n<figure class=\"aligncenter is-resized\"><img loading=\"lazy\" decoding=\"async\" width=\"300\" height=\"220\" src=\"http:\/\/wp.anne-lang.de\/wp-content\/uploads\/2019\/03\/SD-11418-_0053bea-300x220.jpg\" alt=\"\" class=\"wp-image-110\" style=\"width:394px;height:288px\" srcset=\"http:\/\/www.anne-lang.de\/wp-content\/uploads\/2019\/03\/SD-11418-_0053bea-300x220.jpg 300w, http:\/\/www.anne-lang.de\/wp-content\/uploads\/2019\/03\/SD-11418-_0053bea-768x563.jpg 768w, http:\/\/www.anne-lang.de\/wp-content\/uploads\/2019\/03\/SD-11418-_0053bea-1024x751.jpg 1024w\" sizes=\"(max-width: 300px) 100vw, 300px\" \/><\/figure><\/div>\n\n\n<ul class=\"wp-block-list about01\">\n<li>Promotion (Dr. biol. hum.)<\/li>\n\n\n\n<li><span class=\"em01\">Diplom-Psychologin<\/span><\/li>\n\n\n\n<li><span class=\"em01\">Psychologische Psychotherapeutin<\/span> im Richtlinienverfahren der kognitiven Verhaltenstherapie<\/li>\n\n\n\n<li><span class=\"em01\">Zertifizierter Systemischer Business Coach<\/span> nach den Richtlinien der International Coaching Federation (ICF) sowie dem Deutschen Verband f\u00fcr Coaching und Training (DVCT)<\/li>\n\n\n\n<li><span class=\"em01\">Mehrj\u00e4hrige Erfahrung<\/span> in der Beratung im Bereich <span class=\"em01\">Personalentwicklung und Organisationspsychologie f\u00fcr Unternehmen der Finanz-, Software- und Automotivebranche<\/span><\/li>\n\n\n\n<li>Arbeit als <span class=\"em01\">Psychologin im psychiatrischen Kontext<\/span><\/li>\n\n\n\n<li>Kenntnisse und Erfahrung in den Bereichen Trading Psychologie sowie Behavioral Finance <\/li>\n<\/ul>\n\n\n\n<p><p id=\"p_publi\"><span class=\"em02\">PUBLIKATIONEN:<\/span><\/p><\/p>\n\n\n\n<ul class=\"wp-block-list\">\n<li>Psychosoziale und berufliche Folgen der Depression, <em>Nervenheilkunde<\/em>, 2018; 37 (09): 575-581<\/li>\n\n\n\n<li>Disclosure Management When Returning to Work After a Leave of Absence Due to Mental Illness, <em>Psychiatric Services<\/em>, 2020, <em>71<\/em>(8), 855\u2013857<\/li>\n\n\n\n<li>Differences between suicide note leavers and other suicides: A German psychological autopsy study, <em>Journal of Psychiatric Research<\/em>, 2021, 137: 173-177<\/li>\n\n\n\n<li>Wann funktioniert St\u00e4B nicht? Faktoren, die den Erfolg einer stations\u00e4quivalenten Behandlung (St\u00e4B) beeinflussen. <em>Psychiatrische Praxis<\/em>, 2024<\/li>\n\n\n\n<li>Disclosing A Mental Illness When Returning To Work After Sickness Absence, <em>American Journal of Psychiatric Rehabilitation<\/em>, 2025, 28 (05)<\/li>\n\n\n\n<li>Disclosure of mental illness towards employers during the return to work process after psychiatric hospitalization, <em>BMC Psychiatry<\/em>, 2026, 26:84<\/li>\n<\/ul>\n\n\n\n<p><\/p>\n","protected":false},"excerpt":{"rendered":"<p>Meine vielseitigen Qualifikationen und Erfahrungen erm\u00f6glichen es mir, Ihren individuellen Bed\u00fcrfnissen gerecht zu werden. PUBLIKATIONEN:<\/p>\n","protected":false},"author":1,"featured_media":0,"parent":0,"menu_order":4,"comment_status":"closed","ping_status":"closed","template":"","meta":{"footnotes":""},"class_list":["post-36","page","type-page","status-publish","hentry"],"_links":{"self":[{"href":"http:\/\/www.anne-lang.de\/index.php?rest_route=\/wp\/v2\/pages\/36"}],"collection":[{"href":"http:\/\/www.anne-lang.de\/index.php?rest_route=\/wp\/v2\/pages"}],"about":[{"href":"http:\/\/www.anne-lang.de\/index.php?rest_route=\/wp\/v2\/types\/page"}],"author":[{"embeddable":true,"href":"http:\/\/www.anne-lang.de\/index.php?rest_route=\/wp\/v2\/users\/1"}],"replies":[{"embeddable":true,"href":"http:\/\/www.anne-lang.de\/index.php?rest_route=%2Fwp%2Fv2%2Fcomments&post=36"}],"version-history":[{"count":39,"href":"http:\/\/www.anne-lang.de\/index.php?rest_route=\/wp\/v2\/pages\/36\/revisions"}],"predecessor-version":[{"id":300,"href":"http:\/\/www.anne-lang.de\/index.php?rest_route=\/wp\/v2\/pages\/36\/revisions\/300"}],"wp:attachment":[{"href":"http:\/\/www.anne-lang.de\/index.php?rest_route=%2Fwp%2Fv2%2Fmedia&parent=36"}],"curies":[{"name":"wp","href":"https:\/\/api.w.org\/{rel}","templated":true}]}}