{"id":34,"date":"2019-03-13T14:02:37","date_gmt":"2019-03-13T14:02:37","guid":{"rendered":"http:\/\/wp.anne-lang.de\/?page_id=34"},"modified":"2019-03-24T22:12:34","modified_gmt":"2019-03-24T22:12:34","slug":"angebot-fuer-unternehmen","status":"publish","type":"page","link":"http:\/\/www.anne-lang.de\/?page_id=34","title":{"rendered":"Angebot f\u00fcr Unternehmen"},"content":{"rendered":"\n<blockquote class=\"wp-block-quote is-layout-flow wp-block-quote-is-layout-flow\"><p>Der Schl\u00fcssel zu Ihrem Erfolg sind Ihre Mitarbeiter &#8211; mit Coaching, Workshops und psychologischen Sprechstunden helfen Sie Ihren Mitarbeitern, in Balance zu bleiben.<\/p><\/blockquote>\n\n\n\n<figure class=\"wp-block-image\"><img loading=\"lazy\" decoding=\"async\" width=\"4862\" height=\"2245\" src=\"http:\/\/wp.anne-lang.de\/wp-content\/uploads\/2019\/03\/AdobeStock_106918758-Kopie.jpeg\" alt=\"\" class=\"wp-image-105\" srcset=\"http:\/\/www.anne-lang.de\/wp-content\/uploads\/2019\/03\/AdobeStock_106918758-Kopie.jpeg 4862w, http:\/\/www.anne-lang.de\/wp-content\/uploads\/2019\/03\/AdobeStock_106918758-Kopie-300x139.jpeg 300w, http:\/\/www.anne-lang.de\/wp-content\/uploads\/2019\/03\/AdobeStock_106918758-Kopie-768x355.jpeg 768w, http:\/\/www.anne-lang.de\/wp-content\/uploads\/2019\/03\/AdobeStock_106918758-Kopie-1024x473.jpeg 1024w\" sizes=\"(max-width: 4862px) 100vw, 4862px\" \/><\/figure>\n\n\n\n<p><strong>Coaching f\u00fcr F\u00fchrungskr\u00e4fte &amp; Mitarbeiter<\/strong><\/p>\n\n\n\n<p>Coaching kann Ihre Mitarbeiter und auch Sie bei der Entwicklung Ihrer Potentiale unterst\u00fctzen, die Kommunikations- und Beziehungsgestaltung f\u00f6rdern sowie beim Aufbau der inneren Widerstandskraft (Resilienz) helfen. <\/p>\n\n\n\n<p><strong>Workshops<\/strong><\/p>\n\n\n\n<p>Die Resilienz spielt eine wichtige Rolle dabei, mit herausfordernden und auch schnell wechselnden Situationen zurechtzukommen und flexibel auf diese zu reagieren. Gezielte Workshops k\u00f6nnen dabei helfen,  die Resilienz von Ihnen und Ihren Mitarbeitern zu st\u00e4rken. Folgende Themen k\u00f6nnen wir gemeinsam bearbeiten: Umgang mit Belastungen und Stress, Kommunikationsf\u00e4higkeit, Zeit- und Selbstmanagement sowie Emotionsregulation im Beruf.<\/p>\n\n\n\n<p><strong>Psychologische Sprechstunden<\/strong><\/p>\n\n\n\n<p> Belastende (pers\u00f6nliche) Situationen und Themen machen nicht vor der B\u00fcrot\u00fcre halt. Ein neutraler Austausch kann in solchen Momenten gro\u00dfe Entlastung schaffen. Psychologische Sprechstunden im Unternehmen k\u00f6nnen zur Prophylaxe von psychischen Erkrankungen eingesetzt werden sowie ein rechtzeitiges Erkennen solcher erm\u00f6glichen und den Betroffenen als &#8222;Erste Hilfe&#8220; dienen.&nbsp;<br><\/p>\n","protected":false},"excerpt":{"rendered":"<p>Der Schl\u00fcssel zu Ihrem Erfolg sind Ihre Mitarbeiter &#8211; mit Coaching, Workshops und psychologischen Sprechstunden helfen Sie Ihren Mitarbeitern, in Balance zu bleiben. Coaching f\u00fcr F\u00fchrungskr\u00e4fte &amp; Mitarbeiter Coaching kann Ihre Mitarbeiter und auch Sie bei der Entwicklung Ihrer Potentiale unterst\u00fctzen, die Kommunikations- und Beziehungsgestaltung f\u00f6rdern sowie beim Aufbau der inneren Widerstandskraft (Resilienz) helfen. Workshops<span class=\"post-excerpt-end\">&hellip;<\/span><\/p>\n<p class=\"more-link\"><a href=\"http:\/\/www.anne-lang.de\/?page_id=34\" class=\"themebutton\">Read More<\/a><\/p>\n","protected":false},"author":1,"featured_media":16,"parent":0,"menu_order":3,"comment_status":"closed","ping_status":"closed","template":"","meta":{"footnotes":""},"class_list":["post-34","page","type-page","status-publish","has-post-thumbnail","hentry"],"_links":{"self":[{"href":"http:\/\/www.anne-lang.de\/index.php?rest_route=\/wp\/v2\/pages\/34"}],"collection":[{"href":"http:\/\/www.anne-lang.de\/index.php?rest_route=\/wp\/v2\/pages"}],"about":[{"href":"http:\/\/www.anne-lang.de\/index.php?rest_route=\/wp\/v2\/types\/page"}],"author":[{"embeddable":true,"href":"http:\/\/www.anne-lang.de\/index.php?rest_route=\/wp\/v2\/users\/1"}],"replies":[{"embeddable":true,"href":"http:\/\/www.anne-lang.de\/index.php?rest_route=%2Fwp%2Fv2%2Fcomments&post=34"}],"version-history":[{"count":11,"href":"http:\/\/www.anne-lang.de\/index.php?rest_route=\/wp\/v2\/pages\/34\/revisions"}],"predecessor-version":[{"id":164,"href":"http:\/\/www.anne-lang.de\/index.php?rest_route=\/wp\/v2\/pages\/34\/revisions\/164"}],"wp:featuredmedia":[{"embeddable":true,"href":"http:\/\/www.anne-lang.de\/index.php?rest_route=\/wp\/v2\/media\/16"}],"wp:attachment":[{"href":"http:\/\/www.anne-lang.de\/index.php?rest_route=%2Fwp%2Fv2%2Fmedia&parent=34"}],"curies":[{"name":"wp","href":"https:\/\/api.w.org\/{rel}","templated":true}]}}