{"id":32,"date":"2019-03-13T14:02:24","date_gmt":"2019-03-13T14:02:24","guid":{"rendered":"http:\/\/wp.anne-lang.de\/?page_id=32"},"modified":"2026-02-15T13:36:24","modified_gmt":"2026-02-15T13:36:24","slug":"angebot-fuer-privatpersonen","status":"publish","type":"page","link":"http:\/\/www.anne-lang.de\/?page_id=32","title":{"rendered":"Angebot f\u00fcr Privatpersonen"},"content":{"rendered":"\n<blockquote class=\"wp-block-quote zitat01 is-layout-flow wp-block-quote-is-layout-flow\">\n<p><span>In pers\u00f6nlich herausfordernden Situationen kann eine neue Perspektive ungeahnte Wege erm\u00f6glichen.  <\/span><\/p>\n<\/blockquote>\n\n\n\n<figure class=\"wp-block-image\"><img loading=\"lazy\" decoding=\"async\" width=\"3665\" height=\"1931\" src=\"http:\/\/wp.anne-lang.de\/wp-content\/uploads\/2019\/03\/AdobeStock_71393552-Kopie-2-1.jpeg\" alt=\"\" class=\"wp-image-176\" srcset=\"http:\/\/www.anne-lang.de\/wp-content\/uploads\/2019\/03\/AdobeStock_71393552-Kopie-2-1.jpeg 3665w, http:\/\/www.anne-lang.de\/wp-content\/uploads\/2019\/03\/AdobeStock_71393552-Kopie-2-1-300x158.jpeg 300w, http:\/\/www.anne-lang.de\/wp-content\/uploads\/2019\/03\/AdobeStock_71393552-Kopie-2-1-768x405.jpeg 768w, http:\/\/www.anne-lang.de\/wp-content\/uploads\/2019\/03\/AdobeStock_71393552-Kopie-2-1-1024x540.jpeg 1024w\" sizes=\"(max-width: 3665px) 100vw, 3665px\" \/><\/figure>\n\n\n\n<p class=\"has-medium-font-size\"><strong>Psychotherapie<\/strong><\/p>\n\n\n\n<p>In meiner Praxis unterst\u00fctze ich Sie als Kassenpatient, Privatversicherten oder Selbstzahler in psychisch herausfordernden Situationen im Rahmen einer Psychotherapie. <br>Ich arbeite nach dem Richtlinienverfahren der Verhaltenstherapie. Diese geht davon aus, dass psychische Beschwerden das Ergebnis von bewussten und unbewussten Lernprozessen sind. Gemeinsam erarbeiten wir, welche Bedingungen Ihrer Lebensgeschichte und Ihrer aktuellen Situation zur Entstehung und Aufrechterhaltung der psychischen Symptomatik beigetragen haben und weiter wirksam sind.<br>Ziel ist es, Sie zur aktiven Ver\u00e4nderung Ihres Handelns, Denkens und F\u00fchlens zu motivieren und anzuleiten. Dabei arbeiten wir Ihre bereits vorhandenen St\u00e4rken und F\u00e4higkeiten heraus und machen diese f\u00fcr den Ver\u00e4nderungsprozess nutzbar.<\/p>\n\n\n\n<p><strong>Behandlungsangebot<\/strong><\/p>\n\n\n\n<p>Ich behandle ein breites Spektrum an psychischen Erkrankungen:<br>&#8211; Depression<br>&#8211; Angsterkrankungen<br>&#8211; Zwangserkrankungen<br>&#8211; Essst\u00f6rungen<br>&#8211; Pers\u00f6nlichkeitsst\u00f6rungen<br>&#8211; akute Krisensituationen nach belastenden Lebensereignissen<br>&#8211; Traumatische Erlebnisse und PTBS<br>&#8211; ADHS<br>&#8211; psychotische Erkrankungen z.B. Schizophrenie<\/p>\n\n\n\n<p><strong>Abrechnung<\/strong><\/p>\n\n\n\n<p><strong>Gesetzliche Versicherte<\/strong><br>Bei Vorliegen einer psychischen Erkrankung wird die Psychotherapie in der Regel von den gesetzlichen Versicherungen \u00fcbernommen. Eine \u00dcberweisung ist nicht notwendig. Die Abrechnung erfolgt direkt zwischen der Praxis und der Krankenkasse. Damit die Abrechnung erfolgen kann, m\u00fcssen Sie einmal im Quartal Ihre Versichertenkarte in der Praxis vorzeigen und einlesen.<br><br><strong>Privatversicherte\/Beihilfe<\/strong><br>Nach Antragsstellung \u00fcbernehmen die privaten Krankenversicherungen sowie auch die Beihilfestellen in der Regel (anteilig) die Kosten einer Psychotherapie, je nach den Tarifbedingungen des Versicherungsvertrags. Bitte informieren Sie sich vorab bei Ihrer Versicherung\/Beihilfestelle \u00fcber die Bedingungen bei Psychotherapie.<br>Die Abrechnung erfolgt nach der g\u00fcltigen Geb\u00fchrenordnung f\u00fcr Psychotherapeuten (GOP). Diese kann der Seite der Bundespsychotherapeutenkammer entnommen werden.<br><br><strong>Selbstzahler<\/strong><br>Die Abrechnung erfolgt nach der Geb\u00fchrenordnung f\u00fcr Psychotherapeuten (GOP).<br> <\/p>\n\n\n\n<p class=\"has-medium-font-size\"><strong>Coaching<\/strong><\/p>\n\n\n\n<p>Im Laufe unseres Lebens sind unsere Wege mit H\u00fcrden und Weggabelungen versehen, die es zu meistern gilt. Gerne biete ich Ihnen im Rahmen eines Coaching eine professionelle Beratung im privaten oder beruflichen Kontext. Dabei helfe ich Ihnen, eine neue Perspektive einzunehmen und Ihren individuellen (L\u00f6sungs-) Weg zu entwickeln. Das Honorar f\u00fcr eine Coachingsitzung liegt bei 180\u20ac zzgl. MwSt. pro Sitzung (50 Minuten).<\/p>\n","protected":false},"excerpt":{"rendered":"<p>In pers\u00f6nlich herausfordernden Situationen kann eine neue Perspektive ungeahnte Wege erm\u00f6glichen. Psychotherapie In meiner Praxis unterst\u00fctze ich Sie als Kassenpatient, Privatversicherten oder Selbstzahler in psychisch herausfordernden Situationen im Rahmen einer Psychotherapie. Ich arbeite nach dem Richtlinienverfahren der Verhaltenstherapie. Diese geht davon aus, dass psychische Beschwerden das Ergebnis von bewussten und unbewussten Lernprozessen sind. Gemeinsam erarbeiten<span class=\"post-excerpt-end\">&hellip;<\/span><\/p>\n<p class=\"more-link\"><a href=\"http:\/\/www.anne-lang.de\/?page_id=32\" class=\"themebutton\">Read More<\/a><\/p>\n","protected":false},"author":1,"featured_media":0,"parent":0,"menu_order":2,"comment_status":"closed","ping_status":"closed","template":"","meta":{"footnotes":""},"class_list":["post-32","page","type-page","status-publish","hentry"],"_links":{"self":[{"href":"http:\/\/www.anne-lang.de\/index.php?rest_route=\/wp\/v2\/pages\/32"}],"collection":[{"href":"http:\/\/www.anne-lang.de\/index.php?rest_route=\/wp\/v2\/pages"}],"about":[{"href":"http:\/\/www.anne-lang.de\/index.php?rest_route=\/wp\/v2\/types\/page"}],"author":[{"embeddable":true,"href":"http:\/\/www.anne-lang.de\/index.php?rest_route=\/wp\/v2\/users\/1"}],"replies":[{"embeddable":true,"href":"http:\/\/www.anne-lang.de\/index.php?rest_route=%2Fwp%2Fv2%2Fcomments&post=32"}],"version-history":[{"count":41,"href":"http:\/\/www.anne-lang.de\/index.php?rest_route=\/wp\/v2\/pages\/32\/revisions"}],"predecessor-version":[{"id":304,"href":"http:\/\/www.anne-lang.de\/index.php?rest_route=\/wp\/v2\/pages\/32\/revisions\/304"}],"wp:attachment":[{"href":"http:\/\/www.anne-lang.de\/index.php?rest_route=%2Fwp%2Fv2%2Fmedia&parent=32"}],"curies":[{"name":"wp","href":"https:\/\/api.w.org\/{rel}","templated":true}]}}