{"id":2,"date":"2016-05-10T03:48:21","date_gmt":"2016-05-10T03:48:21","guid":{"rendered":"http:\/\/wp.anne-lang.de\/?page_id=2"},"modified":"2026-02-15T13:35:15","modified_gmt":"2026-02-15T13:35:15","slug":"sample-page","status":"publish","type":"page","link":"http:\/\/www.anne-lang.de\/?page_id=2","title":{"rendered":"Meine Arbeitsweise"},"content":{"rendered":"\n<blockquote class=\"wp-block-quote is-style-default is-layout-flow wp-block-quote-is-layout-flow\">\n<p>Meine Arbeit verstehe ich als Partnerschaft auf Augenh\u00f6he, bei der Ihre Bed\u00fcrfnisse und Ziele f\u00fcr mich stets handlungsleitend sind.<\/p>\n<\/blockquote>\n\n\n\n<figure class=\"wp-block-image\"><img loading=\"lazy\" decoding=\"async\" width=\"4699\" height=\"2117\" src=\"http:\/\/wp.anne-lang.de\/wp-content\/uploads\/2019\/03\/AdobeStock_207696956-Kopie-5.jpeg\" alt=\"\" class=\"wp-image-180\" srcset=\"http:\/\/www.anne-lang.de\/wp-content\/uploads\/2019\/03\/AdobeStock_207696956-Kopie-5.jpeg 4699w, http:\/\/www.anne-lang.de\/wp-content\/uploads\/2019\/03\/AdobeStock_207696956-Kopie-5-300x135.jpeg 300w, http:\/\/www.anne-lang.de\/wp-content\/uploads\/2019\/03\/AdobeStock_207696956-Kopie-5-768x346.jpeg 768w, http:\/\/www.anne-lang.de\/wp-content\/uploads\/2019\/03\/AdobeStock_207696956-Kopie-5-1024x461.jpeg 1024w\" sizes=\"(max-width: 4699px) 100vw, 4699px\" \/><\/figure>\n\n\n\n<p>Ich biete keine vorgefertigten L\u00f6sungsvorschl\u00e4ge, sondern begleite Sie dabei, eigene Strategien und L\u00f6sungswege zu finden. Durch das Setzen von Denkanst\u00f6\u00dfen und Anregungen k\u00f6nnen Sie neue Perspektiven einnehmen und somit bislang unbeachtete Handlungsm\u00f6glichkeiten f\u00fcr sich entwickeln.<\/p>\n\n\n\n<p>Um Sie optimal bei der Probleml\u00f6sung und auf dem Weg zu Ihrem Ziel zu unterst\u00fctzen, setze ich in meiner Arbeit vor allem auf die Ans\u00e4tze der Ressourcen- und L\u00f6sungsorientierung. Der Fokus liegt hierbei auf der Aktivierung vorhandener sowie den Aufbau neuer Ressourcen und das Sichtbarmachen Ihrer eigenen St\u00e4rken.<br><\/p>\n","protected":false},"excerpt":{"rendered":"<p>Meine Arbeit verstehe ich als Partnerschaft auf Augenh\u00f6he, bei der Ihre Bed\u00fcrfnisse und Ziele f\u00fcr mich stets handlungsleitend sind. Ich biete keine vorgefertigten L\u00f6sungsvorschl\u00e4ge, sondern begleite Sie dabei, eigene Strategien und L\u00f6sungswege zu finden. Durch das Setzen von Denkanst\u00f6\u00dfen und Anregungen k\u00f6nnen Sie neue Perspektiven einnehmen und somit bislang unbeachtete Handlungsm\u00f6glichkeiten f\u00fcr sich entwickeln. Um<span class=\"post-excerpt-end\">&hellip;<\/span><\/p>\n<p class=\"more-link\"><a href=\"http:\/\/www.anne-lang.de\/?page_id=2\" class=\"themebutton\">Read More<\/a><\/p>\n","protected":false},"author":1,"featured_media":21,"parent":0,"menu_order":1,"comment_status":"closed","ping_status":"closed","template":"","meta":{"footnotes":""},"class_list":["post-2","page","type-page","status-publish","has-post-thumbnail","hentry"],"_links":{"self":[{"href":"http:\/\/www.anne-lang.de\/index.php?rest_route=\/wp\/v2\/pages\/2"}],"collection":[{"href":"http:\/\/www.anne-lang.de\/index.php?rest_route=\/wp\/v2\/pages"}],"about":[{"href":"http:\/\/www.anne-lang.de\/index.php?rest_route=\/wp\/v2\/types\/page"}],"author":[{"embeddable":true,"href":"http:\/\/www.anne-lang.de\/index.php?rest_route=\/wp\/v2\/users\/1"}],"replies":[{"embeddable":true,"href":"http:\/\/www.anne-lang.de\/index.php?rest_route=%2Fwp%2Fv2%2Fcomments&post=2"}],"version-history":[{"count":27,"href":"http:\/\/www.anne-lang.de\/index.php?rest_route=\/wp\/v2\/pages\/2\/revisions"}],"predecessor-version":[{"id":302,"href":"http:\/\/www.anne-lang.de\/index.php?rest_route=\/wp\/v2\/pages\/2\/revisions\/302"}],"wp:featuredmedia":[{"embeddable":true,"href":"http:\/\/www.anne-lang.de\/index.php?rest_route=\/wp\/v2\/media\/21"}],"wp:attachment":[{"href":"http:\/\/www.anne-lang.de\/index.php?rest_route=%2Fwp%2Fv2%2Fmedia&parent=2"}],"curies":[{"name":"wp","href":"https:\/\/api.w.org\/{rel}","templated":true}]}}